{"id":304,"date":"2024-10-02T12:08:20","date_gmt":"2024-10-02T12:08:20","guid":{"rendered":"https:\/\/orewvademecum.pl\/?page_id=304"},"modified":"2024-12-19T18:17:02","modified_gmt":"2024-12-19T18:17:02","slug":"wesprzyj-nas","status":"publish","type":"page","link":"https:\/\/orewvademecum.pl\/index.php\/wesprzyj-nas\/","title":{"rendered":"Wesprzyj nas"},"content":{"rendered":"\t\t<div data-elementor-type=\"wp-page\" data-elementor-id=\"304\" class=\"elementor elementor-304\">\n\t\t\t\t<div class=\"elementor-element elementor-element-47a8853c e-con-full e-flex e-con e-parent\" data-id=\"47a8853c\" data-element_type=\"container\">\n\t\t<div class=\"elementor-element elementor-element-17565af1 e-con-full e-flex e-con e-child\" data-id=\"17565af1\" data-element_type=\"container\" data-settings=\"{&quot;background_background&quot;:&quot;classic&quot;}\">\n\t\t\t\t<\/div>\n\t\t<div class=\"elementor-element elementor-element-8734fb e-con-full e-flex e-con e-child\" data-id=\"8734fb\" data-element_type=\"container\">\n\t\t\t\t<div class=\"elementor-element elementor-element-3fd0410 elementor-widget elementor-widget-heading\" data-id=\"3fd0410\" data-element_type=\"widget\" data-widget_type=\"heading.default\">\n\t\t\t\t<div class=\"elementor-widget-container\">\n\t\t\t<style>\/*! elementor - v3.21.0 - 08-05-2024 *\/\n.elementor-heading-title{padding:0;margin:0;line-height:1}.elementor-widget-heading .elementor-heading-title[class*=elementor-size-]>a{color:inherit;font-size:inherit;line-height:inherit}.elementor-widget-heading .elementor-heading-title.elementor-size-small{font-size:15px}.elementor-widget-heading .elementor-heading-title.elementor-size-medium{font-size:19px}.elementor-widget-heading .elementor-heading-title.elementor-size-large{font-size:29px}.elementor-widget-heading .elementor-heading-title.elementor-size-xl{font-size:39px}.elementor-widget-heading .elementor-heading-title.elementor-size-xxl{font-size:59px}<\/style><h1 class=\"elementor-heading-title elementor-size-default\"><a href=\"https:\/\/zrzutka.pl\/musimy-przezyc-do-stycznia-2jbxs5\">Wesprzyj nas<\/a><\/h1>\t\t<\/div>\n\t\t\t\t<\/div>\n\t\t\t\t<div class=\"elementor-element elementor-element-841a604 elementor-invisible elementor-widget elementor-widget-text-editor\" data-id=\"841a604\" data-element_type=\"widget\" data-settings=\"{&quot;_animation&quot;:&quot;fadeIn&quot;,&quot;_animation_delay&quot;:400}\" data-widget_type=\"text-editor.default\">\n\t\t\t\t<div class=\"elementor-widget-container\">\n\t\t\t<style>\/*! elementor - v3.21.0 - 08-05-2024 *\/\n.elementor-widget-text-editor.elementor-drop-cap-view-stacked .elementor-drop-cap{background-color:#69727d;color:#fff}.elementor-widget-text-editor.elementor-drop-cap-view-framed .elementor-drop-cap{color:#69727d;border:3px solid;background-color:transparent}.elementor-widget-text-editor:not(.elementor-drop-cap-view-default) .elementor-drop-cap{margin-top:8px}.elementor-widget-text-editor:not(.elementor-drop-cap-view-default) .elementor-drop-cap-letter{width:1em;height:1em}.elementor-widget-text-editor .elementor-drop-cap{float:left;text-align:center;line-height:1;font-size:50px}.elementor-widget-text-editor .elementor-drop-cap-letter{display:inline-block}<\/style>\t\t\t\t<p>Jest takie miejsce w Gnie\u017anie, kt\u00f3re na co dzie\u0144 zajmuje si\u0119 specjalistyczn\u0105 terapi\u0105 i opiek\u0105 Dzieci z wielorak\u0105, sprz\u0119\u017con\u0105 niepe\u0142nosprawno\u015bci\u0105 &#8211;<\/p><p>to O\u015brodek Rehabilitacyjno Edukacyjno Wychowawczy (OREW) <strong>Vade Mecum<\/strong>.<\/p>\t\t\t\t\t\t<\/div>\n\t\t\t\t<\/div>\n\t\t\t\t<div class=\"elementor-element elementor-element-1fa17cc elementor-align-center e-transform e-transform elementor-invisible elementor-widget elementor-widget-button\" data-id=\"1fa17cc\" data-element_type=\"widget\" data-settings=\"{&quot;_animation&quot;:&quot;zoomIn&quot;,&quot;_transform_scale_effect_hover&quot;:{&quot;unit&quot;:&quot;px&quot;,&quot;size&quot;:1.2,&quot;sizes&quot;:[]},&quot;_transform_rotateZ_effect_hover&quot;:{&quot;unit&quot;:&quot;px&quot;,&quot;size&quot;:&quot;&quot;,&quot;sizes&quot;:[]},&quot;_transform_rotateZ_effect_hover_tablet&quot;:{&quot;unit&quot;:&quot;deg&quot;,&quot;size&quot;:&quot;&quot;,&quot;sizes&quot;:[]},&quot;_transform_rotateZ_effect_hover_mobile&quot;:{&quot;unit&quot;:&quot;deg&quot;,&quot;size&quot;:&quot;&quot;,&quot;sizes&quot;:[]},&quot;_transform_scale_effect_hover_tablet&quot;:{&quot;unit&quot;:&quot;px&quot;,&quot;size&quot;:&quot;&quot;,&quot;sizes&quot;:[]},&quot;_transform_scale_effect_hover_mobile&quot;:{&quot;unit&quot;:&quot;px&quot;,&quot;size&quot;:&quot;&quot;,&quot;sizes&quot;:[]}}\" data-widget_type=\"button.default\">\n\t\t\t\t<div class=\"elementor-widget-container\">\n\t\t\t\t\t<div class=\"elementor-button-wrapper\">\n\t\t\t<a class=\"elementor-button elementor-button-link elementor-size-sm\" href=\"https:\/\/zrzutka.pl\/8wuy73\">\n\t\t\t\t\t\t<span class=\"elementor-button-content-wrapper\">\n\t\t\t\t\t\t<span class=\"elementor-button-icon elementor-align-icon-right\">\n\t\t\t\t<svg aria-hidden=\"true\" class=\"e-font-icon-svg e-far-bell\" viewBox=\"0 0 448 512\" xmlns=\"http:\/\/www.w3.org\/2000\/svg\"><path d=\"M439.39 362.29c-19.32-20.76-55.47-51.99-55.47-154.29 0-77.7-54.48-139.9-127.94-155.16V32c0-17.67-14.32-32-31.98-32s-31.98 14.33-31.98 32v20.84C118.56 68.1 64.08 130.3 64.08 208c0 102.3-36.15 133.53-55.47 154.29-6 6.45-8.66 14.16-8.61 21.71.11 16.4 12.98 32 32.1 32h383.8c19.12 0 32-15.6 32.1-32 .05-7.55-2.61-15.27-8.61-21.71zM67.53 368c21.22-27.97 44.42-74.33 44.53-159.42 0-.2-.06-.38-.06-.58 0-61.86 50.14-112 112-112s112 50.14 112 112c0 .2-.06.38-.06.58.11 85.1 23.31 131.46 44.53 159.42H67.53zM224 512c35.32 0 63.97-28.65 63.97-64H160.03c0 35.35 28.65 64 63.97 64z\"><\/path><\/svg>\t\t\t<\/span>\n\t\t\t\t\t\t\t\t\t<span class=\"elementor-button-text\">Wp\u0142acam na Zrzutk\u0119<\/span>\n\t\t\t\t\t<\/span>\n\t\t\t\t\t<\/a>\n\t\t<\/div>\n\t\t\t\t<\/div>\n\t\t\t\t<\/div>\n\t\t\t\t<\/div>\n\t\t\t\t<\/div>\n\t\t<div class=\"elementor-element elementor-element-6e23ff0 e-flex e-con-boxed e-con e-parent\" data-id=\"6e23ff0\" data-element_type=\"container\">\n\t\t\t\t\t<div class=\"e-con-inner\">\n\t\t\t\t<div class=\"elementor-element elementor-element-359a9dd elementor-widget elementor-widget-text-editor\" data-id=\"359a9dd\" data-element_type=\"widget\" data-widget_type=\"text-editor.default\">\n\t\t\t\t<div class=\"elementor-widget-container\">\n\t\t\t\t\t\t\t<p>O\u015brodek, stworzony z mi\u0142o\u015bci do Dziecka, szczeg\u00f3lnie Dziecka z niepe\u0142nosprawno\u015bci\u0105, przez terapeut\u00f3w i rodzic\u00f3w. Dzi\u0119ki temu, Dzieci mog\u0105 uczestniczy\u0107 w wielu specjalistycznych terapiach, kt\u00f3re realnie wp\u0142ywaj\u0105 na popraw\u0119 jako\u015bci i komfortu ich \u017cycia.<\/p><p>O\u015brodek zajmuje si\u0119 Dzie\u0107mi od urodzenia do 25 roku \u017cycia.<\/p><p>Znajduj\u0105 w nim wsparcie Dzieci najbardziej potrzebuj\u0105ce pomocy i terapii, mi\u0119dzy innymi dzieci z obci\u0105\u017ceniami genetycznymi, epizodami neurologicznymi, z uszkodzeniami oko\u0142oporodowymi oraz z m\u00f3zgowym pora\u017ceniem dzieci\u0119cym.<\/p><p>Nasze Dzieci potrzebuj\u0105 wsparcia w ka\u017cdej dziedzinie \u017cycia. Nie jedz\u0105 samodzielnie, nie chodz\u0105, nie m\u00f3wi\u0105.<\/p><p>W\u015br\u00f3d realizowanych terapii znajduj\u0105 si\u0119 mi\u0119dzy innymi:<\/p><p>\u00b7\u00a0\u00a0\u00a0\u00a0\u00a0\u00a0Fizjoterapia ruchowa<\/p><p>\u00b7\u00a0\u00a0\u00a0\u00a0\u00a0\u00a0Terapia bazalna<\/p><p>\u00b7\u00a0\u00a0\u00a0\u00a0\u00a0\u00a0Terapia oddechowa<\/p><p>\u00b7\u00a0\u00a0\u00a0\u00a0\u00a0\u00a0Karmienia<\/p><p>\u00b7\u00a0\u00a0\u00a0\u00a0\u00a0\u00a0Komunikacji<\/p><p>\u00b7\u00a0\u00a0\u00a0\u00a0\u00a0\u00a0Neurologopedia<\/p><p>\u00b7\u00a0\u00a0\u00a0\u00a0\u00a0\u00a0Terapia widzenia<\/p><p>\u00b7\u00a0\u00a0\u00a0\u00a0\u00a0\u00a0i wiele innych, dobieranych indywidualnie do potrzeb dziecka.<\/p><p><strong>Dlaczego prosimy Ci\u0119 o pomoc i dlaczego Twoje wsparcie jest tak wa\u017cne?<\/strong><\/p><p>Ka\u017cda Twoja wp\u0142ata pozwala nam realizowa\u0107 nasze cele statutowe:<\/p><p>Dzi\u0119ki Twojemu wsparciu, jednorazowemu lub cyklicznemu mo\u017cemy:<\/p><p>&#8211; Planowa\u0107 przysz\u0142o\u015b\u0107 O\u015brodka i prowadzone terapie.<\/p><p>&#8211; Finansowa\u0107 bie\u017c\u0105ce potrzeby, np. zakup nowego sprz\u0119tu do rehabilitacji.<\/p><p>&#8211; Zapewni\u0107 stabilno\u015b\u0107 opieki i wsparcia naszym Podopiecznym, kt\u00f3rzy tak bardzo jej potrzebuj\u0105.<\/p><p>Dzi\u0119ki Tobie mo\u017cemy razem tworzy\u0107 Miejsce, kt\u00f3re daje Dzieciom nadziej\u0119, rozw\u00f3j i rado\u015b\u0107 ka\u017cdego dnia.<\/p>\t\t\t\t\t\t<\/div>\n\t\t\t\t<\/div>\n\t\t\t\t<div class=\"elementor-element elementor-element-62e7bd4 elementor-widget elementor-widget-spacer\" data-id=\"62e7bd4\" data-element_type=\"widget\" data-widget_type=\"spacer.default\">\n\t\t\t\t<div class=\"elementor-widget-container\">\n\t\t\t<style>\/*! elementor - v3.21.0 - 08-05-2024 *\/\n.elementor-column .elementor-spacer-inner{height:var(--spacer-size)}.e-con{--container-widget-width:100%}.e-con-inner>.elementor-widget-spacer,.e-con>.elementor-widget-spacer{width:var(--container-widget-width,var(--spacer-size));--align-self:var(--container-widget-align-self,initial);--flex-shrink:0}.e-con-inner>.elementor-widget-spacer>.elementor-widget-container,.e-con>.elementor-widget-spacer>.elementor-widget-container{height:100%;width:100%}.e-con-inner>.elementor-widget-spacer>.elementor-widget-container>.elementor-spacer,.e-con>.elementor-widget-spacer>.elementor-widget-container>.elementor-spacer{height:100%}.e-con-inner>.elementor-widget-spacer>.elementor-widget-container>.elementor-spacer>.elementor-spacer-inner,.e-con>.elementor-widget-spacer>.elementor-widget-container>.elementor-spacer>.elementor-spacer-inner{height:var(--container-widget-height,var(--spacer-size))}.e-con-inner>.elementor-widget-spacer.elementor-widget-empty,.e-con>.elementor-widget-spacer.elementor-widget-empty{position:relative;min-height:22px;min-width:22px}.e-con-inner>.elementor-widget-spacer.elementor-widget-empty .elementor-widget-empty-icon,.e-con>.elementor-widget-spacer.elementor-widget-empty .elementor-widget-empty-icon{position:absolute;top:0;bottom:0;left:0;right:0;margin:auto;padding:0;width:22px;height:22px}<\/style>\t\t<div class=\"elementor-spacer\">\n\t\t\t<div class=\"elementor-spacer-inner\"><\/div>\n\t\t<\/div>\n\t\t\t\t<\/div>\n\t\t\t\t<\/div>\n\t\t\t\t<div class=\"elementor-element elementor-element-15571ce elementor-align-center e-transform e-transform elementor-invisible elementor-widget elementor-widget-button\" data-id=\"15571ce\" data-element_type=\"widget\" data-settings=\"{&quot;_animation&quot;:&quot;zoomIn&quot;,&quot;_transform_scale_effect_hover&quot;:{&quot;unit&quot;:&quot;px&quot;,&quot;size&quot;:1.2,&quot;sizes&quot;:[]},&quot;_transform_rotateZ_effect_hover&quot;:{&quot;unit&quot;:&quot;px&quot;,&quot;size&quot;:&quot;&quot;,&quot;sizes&quot;:[]},&quot;_transform_rotateZ_effect_hover_tablet&quot;:{&quot;unit&quot;:&quot;deg&quot;,&quot;size&quot;:&quot;&quot;,&quot;sizes&quot;:[]},&quot;_transform_rotateZ_effect_hover_mobile&quot;:{&quot;unit&quot;:&quot;deg&quot;,&quot;size&quot;:&quot;&quot;,&quot;sizes&quot;:[]},&quot;_transform_scale_effect_hover_tablet&quot;:{&quot;unit&quot;:&quot;px&quot;,&quot;size&quot;:&quot;&quot;,&quot;sizes&quot;:[]},&quot;_transform_scale_effect_hover_mobile&quot;:{&quot;unit&quot;:&quot;px&quot;,&quot;size&quot;:&quot;&quot;,&quot;sizes&quot;:[]}}\" data-widget_type=\"button.default\">\n\t\t\t\t<div class=\"elementor-widget-container\">\n\t\t\t\t\t<div class=\"elementor-button-wrapper\">\n\t\t\t<a class=\"elementor-button elementor-button-link elementor-size-sm\" href=\"https:\/\/zrzutka.pl\/8wuy73\">\n\t\t\t\t\t\t<span class=\"elementor-button-content-wrapper\">\n\t\t\t\t\t\t<span class=\"elementor-button-icon elementor-align-icon-right\">\n\t\t\t\t<svg aria-hidden=\"true\" class=\"e-font-icon-svg e-far-bell\" viewBox=\"0 0 448 512\" xmlns=\"http:\/\/www.w3.org\/2000\/svg\"><path d=\"M439.39 362.29c-19.32-20.76-55.47-51.99-55.47-154.29 0-77.7-54.48-139.9-127.94-155.16V32c0-17.67-14.32-32-31.98-32s-31.98 14.33-31.98 32v20.84C118.56 68.1 64.08 130.3 64.08 208c0 102.3-36.15 133.53-55.47 154.29-6 6.45-8.66 14.16-8.61 21.71.11 16.4 12.98 32 32.1 32h383.8c19.12 0 32-15.6 32.1-32 .05-7.55-2.61-15.27-8.61-21.71zM67.53 368c21.22-27.97 44.42-74.33 44.53-159.42 0-.2-.06-.38-.06-.58 0-61.86 50.14-112 112-112s112 50.14 112 112c0 .2-.06.38-.06.58.11 85.1 23.31 131.46 44.53 159.42H67.53zM224 512c35.32 0 63.97-28.65 63.97-64H160.03c0 35.35 28.65 64 63.97 64z\"><\/path><\/svg>\t\t\t<\/span>\n\t\t\t\t\t\t\t\t\t<span class=\"elementor-button-text\">Wp\u0142acam na Zrzutk\u0119<\/span>\n\t\t\t\t\t<\/span>\n\t\t\t\t\t<\/a>\n\t\t<\/div>\n\t\t\t\t<\/div>\n\t\t\t\t<\/div>\n\t\t\t\t<div class=\"elementor-element elementor-element-fac2f3a elementor-widget elementor-widget-spacer\" data-id=\"fac2f3a\" data-element_type=\"widget\" data-widget_type=\"spacer.default\">\n\t\t\t\t<div class=\"elementor-widget-container\">\n\t\t\t\t\t<div class=\"elementor-spacer\">\n\t\t\t<div class=\"elementor-spacer-inner\"><\/div>\n\t\t<\/div>\n\t\t\t\t<\/div>\n\t\t\t\t<\/div>\n\t\t\t\t<div class=\"elementor-element elementor-element-25e39ba elementor-widget elementor-widget-text-editor\" data-id=\"25e39ba\" data-element_type=\"widget\" data-widget_type=\"text-editor.default\">\n\t\t\t\t<div class=\"elementor-widget-container\">\n\t\t\t\t\t\t\t<p><strong>Jak mo\u017cesz pom\u00f3c?<\/strong><\/p><p>Mo\u017cesz dokona\u0107 wp\u0142aty jednorazowej, ale mo\u017cesz r\u00f3wnie\u017c wspiera\u0107 nas cykliczne!<\/p><p>Wystarczy, \u017ce ustawisz cykliczn\u0105 wp\u0142at\u0119 na dowoln\u0105 kwot\u0119, kt\u00f3ra b\u0119dzie automatycznie wspiera\u0107 nasz O\u015brodek miesi\u0105c po miesi\u0105cu.<\/p><p>Mo\u017cesz te\u017c dokona\u0107 wp\u0142aty bezpo\u015brednio na konto <strong>Stowarzyszenia P\u00f3jd\u017a ze Mn\u0105<\/strong>, kt\u00f3re jest naszym organem prowadz\u0105cym. W polu tytu\u0142em, wpisz prosz\u0119 &#8220;darowizna na cele statutowe&#8221;.\u00a0<\/p><p>nr konta:\u00a0<br \/>59 1600 1462 1718 3337 9000 0001<\/p><p>Pami\u0119taj, \u017ce ka\u017cd\u0105 tak\u0105 wp\u0142at\u0119, mo\u017cesz odliczy\u0107 od dochodu.<\/p><p>\u00a0<\/p><p>Wiedz, \u017ce ka\u017cda, nawet najmniejsza suma, ma ogromne znaczenie!<\/p><p>\u00a0<\/p><p>Dzi\u0119kujemy za Twoje wielkie serce! Razem zmieniamy \u017cycie Dzieci na lepsze.<\/p><p>Natasza Kr\u00f3licka<\/p><p>O\u015brodek Rehabilitacyjno Edukacyjno Wychowawczy <strong>Vade Mecum<\/strong><\/p>\t\t\t\t\t\t<\/div>\n\t\t\t\t<\/div>\n\t\t\t\t<div class=\"elementor-element elementor-element-120b2c8 elementor-widget elementor-widget-spacer\" data-id=\"120b2c8\" data-element_type=\"widget\" data-widget_type=\"spacer.default\">\n\t\t\t\t<div class=\"elementor-widget-container\">\n\t\t\t\t\t<div class=\"elementor-spacer\">\n\t\t\t<div class=\"elementor-spacer-inner\"><\/div>\n\t\t<\/div>\n\t\t\t\t<\/div>\n\t\t\t\t<\/div>\n\t\t\t\t<div class=\"elementor-element elementor-element-8645554 elementor-align-center e-transform e-transform elementor-invisible elementor-widget elementor-widget-button\" data-id=\"8645554\" data-element_type=\"widget\" data-settings=\"{&quot;_animation&quot;:&quot;zoomIn&quot;,&quot;_transform_scale_effect_hover&quot;:{&quot;unit&quot;:&quot;px&quot;,&quot;size&quot;:1.2,&quot;sizes&quot;:[]},&quot;_transform_rotateZ_effect_hover&quot;:{&quot;unit&quot;:&quot;px&quot;,&quot;size&quot;:&quot;&quot;,&quot;sizes&quot;:[]},&quot;_transform_rotateZ_effect_hover_tablet&quot;:{&quot;unit&quot;:&quot;deg&quot;,&quot;size&quot;:&quot;&quot;,&quot;sizes&quot;:[]},&quot;_transform_rotateZ_effect_hover_mobile&quot;:{&quot;unit&quot;:&quot;deg&quot;,&quot;size&quot;:&quot;&quot;,&quot;sizes&quot;:[]},&quot;_transform_scale_effect_hover_tablet&quot;:{&quot;unit&quot;:&quot;px&quot;,&quot;size&quot;:&quot;&quot;,&quot;sizes&quot;:[]},&quot;_transform_scale_effect_hover_mobile&quot;:{&quot;unit&quot;:&quot;px&quot;,&quot;size&quot;:&quot;&quot;,&quot;sizes&quot;:[]}}\" data-widget_type=\"button.default\">\n\t\t\t\t<div class=\"elementor-widget-container\">\n\t\t\t\t\t<div class=\"elementor-button-wrapper\">\n\t\t\t<a class=\"elementor-button elementor-button-link elementor-size-sm\" href=\"https:\/\/zrzutka.pl\/8wuy73\">\n\t\t\t\t\t\t<span class=\"elementor-button-content-wrapper\">\n\t\t\t\t\t\t<span class=\"elementor-button-icon elementor-align-icon-right\">\n\t\t\t\t<svg aria-hidden=\"true\" class=\"e-font-icon-svg e-far-bell\" viewBox=\"0 0 448 512\" xmlns=\"http:\/\/www.w3.org\/2000\/svg\"><path d=\"M439.39 362.29c-19.32-20.76-55.47-51.99-55.47-154.29 0-77.7-54.48-139.9-127.94-155.16V32c0-17.67-14.32-32-31.98-32s-31.98 14.33-31.98 32v20.84C118.56 68.1 64.08 130.3 64.08 208c0 102.3-36.15 133.53-55.47 154.29-6 6.45-8.66 14.16-8.61 21.71.11 16.4 12.98 32 32.1 32h383.8c19.12 0 32-15.6 32.1-32 .05-7.55-2.61-15.27-8.61-21.71zM67.53 368c21.22-27.97 44.42-74.33 44.53-159.42 0-.2-.06-.38-.06-.58 0-61.86 50.14-112 112-112s112 50.14 112 112c0 .2-.06.38-.06.58.11 85.1 23.31 131.46 44.53 159.42H67.53zM224 512c35.32 0 63.97-28.65 63.97-64H160.03c0 35.35 28.65 64 63.97 64z\"><\/path><\/svg>\t\t\t<\/span>\n\t\t\t\t\t\t\t\t\t<span class=\"elementor-button-text\">Wp\u0142acam na Zrzutk\u0119<\/span>\n\t\t\t\t\t<\/span>\n\t\t\t\t\t<\/a>\n\t\t<\/div>\n\t\t\t\t<\/div>\n\t\t\t\t<\/div>\n\t\t\t\t\t<\/div>\n\t\t\t\t<\/div>\n\t\t<div class=\"elementor-element elementor-element-243b162b e-con-full e-flex e-con e-parent\" data-id=\"243b162b\" data-element_type=\"container\">\n\t\t<div class=\"elementor-element elementor-element-46fd6c19 e-con-full e-flex e-con e-child\" data-id=\"46fd6c19\" data-element_type=\"container\">\n\t\t\t\t<div class=\"elementor-element elementor-element-642346c5 elementor-widget elementor-widget-heading\" data-id=\"642346c5\" data-element_type=\"widget\" data-widget_type=\"heading.default\">\n\t\t\t\t<div class=\"elementor-widget-container\">\n\t\t\t<h2 class=\"elementor-heading-title elementor-size-default\">Szanowni Pa\u0144stwo<\/h2>\t\t<\/div>\n\t\t\t\t<\/div>\n\t\t\t\t<div class=\"elementor-element elementor-element-14575f6a elementor-widget__width-initial elementor-widget-mobile__width-inherit elementor-widget elementor-widget-text-editor\" data-id=\"14575f6a\" data-element_type=\"widget\" data-widget_type=\"text-editor.default\">\n\t\t\t\t<div class=\"elementor-widget-container\">\n\t\t\t\t\t\t\t<p>Z ca\u0142ego serca pragniemy wyrazi\u0107 nasz\u0105 ogromn\u0105 wdzi\u0119czno\u015b\u0107 za ka\u017cd\u0105 form\u0119 wsparcia, kt\u00f3rej nam udzielacie. Jeste\u015bcie dla nas, naszych dzieci oraz terapeut\u00f3w prawdziwymi bohaterami. Dzi\u0119ki Waszej pomocy mo\u017cemy kontynuowa\u0107 nasz\u0105 misj\u0119 i zapewni\u0107 dzieciom z niepe\u0142nosprawno\u015bciami opiek\u0119, terapi\u0119 oraz bezpiecze\u0144stwo, na kt\u00f3re zas\u0142uguj\u0105.<\/p><p>Ka\u017cda z\u0142ot\u00f3wka, ka\u017cde dobre s\u0142owo i ka\u017cdy gest wsparcia to dla nas nadzieja na lepsze jutro. Dzi\u0119ki Wam nasz o\u015brodek przetrwa ten trudny czas i b\u0119dzie m\u00f3g\u0142 dalej funkcjonowa\u0107, a nasi mali podopieczni b\u0119d\u0105 mogli rozwija\u0107 si\u0119 w bezpiecznym, pe\u0142nym mi\u0142o\u015bci miejscu.<\/p><p>To wsparcie nie jest tylko finansowe \u2013 jest to wsparcie dla naszych serc. Daje nam si\u0142\u0119, aby walczy\u0107 o lepsze \u017cycie dla naszych dzieci i nadziej\u0119, \u017ce razem mo\u017cemy pokona\u0107 nawet najtrudniejsze przeszkody.<\/p><p>Dzi\u0119kujemy Wam, \u017ce jeste\u015bcie z nami. Dzi\u0119kujemy za ka\u017cd\u0105 pomoc, za to, \u017ce nas nie zostawiacie i \u017ce nasze dzieci mog\u0105 liczy\u0107 na lepsz\u0105 przysz\u0142o\u015b\u0107. Wasza hojno\u015b\u0107, troska i zaanga\u017cowanie sprawiaj\u0105, \u017ce \u015bwiat staje si\u0119 bardziej przyjaznym miejscem dla tych, kt\u00f3rzy najbardziej potrzebuj\u0105 wsparcia.<\/p><p>Jeste\u015bcie cz\u0119\u015bci\u0105 naszej spo\u0142eczno\u015bci i zawsze b\u0119dziemy Wam wdzi\u0119czni za t\u0119 niesamowit\u0105 pomoc, kt\u00f3ra ma dla nas ogromne znaczenie.<\/p><p><strong>Z wyrazami wdzi\u0119czno\u015bci,\u00a0\u00a0<\/strong><\/p><p><strong>Rodzice i Zesp\u00f3\u0142 OREW Vade Mecum<\/strong><\/p>\t\t\t\t\t\t<\/div>\n\t\t\t\t<\/div>\n\t\t\t\t<\/div>\n\t\t<div class=\"elementor-element elementor-element-e1c9ce9 e-con-full e-flex e-con e-child\" data-id=\"e1c9ce9\" data-element_type=\"container\" data-settings=\"{&quot;background_background&quot;:&quot;classic&quot;}\">\n\t\t\t\t<div class=\"elementor-element elementor-element-1105a178 elementor-widget elementor-widget-image\" data-id=\"1105a178\" data-element_type=\"widget\" data-widget_type=\"image.default\">\n\t\t\t\t<div class=\"elementor-widget-container\">\n\t\t\t<style>\/*! elementor - v3.21.0 - 08-05-2024 *\/\n.elementor-widget-image{text-align:center}.elementor-widget-image a{display:inline-block}.elementor-widget-image a img[src$=\".svg\"]{width:48px}.elementor-widget-image img{vertical-align:middle;display:inline-block}<\/style>\t\t\t\t\t\t\t\t\t\t<img fetchpriority=\"high\" decoding=\"async\" width=\"640\" height=\"480\" src=\"https:\/\/orewvademecum.pl\/wp-content\/uploads\/2024\/10\/461824089_122110926860419651_3018043470549947352_1.jpg\" class=\"attachment-full size-full wp-image-313\" alt=\"\" srcset=\"https:\/\/orewvademecum.pl\/wp-content\/uploads\/2024\/10\/461824089_122110926860419651_3018043470549947352_1.jpg 640w, https:\/\/orewvademecum.pl\/wp-content\/uploads\/2024\/10\/461824089_122110926860419651_3018043470549947352_1-300x225.jpg 300w\" sizes=\"(max-width: 640px) 100vw, 640px\" \/>\t\t\t\t\t\t\t\t\t\t\t\t\t<\/div>\n\t\t\t\t<\/div>\n\t\t\t\t<div class=\"elementor-element elementor-element-56eb71d6 elementor-widget elementor-widget-image\" data-id=\"56eb71d6\" data-element_type=\"widget\" data-widget_type=\"image.default\">\n\t\t\t\t<div class=\"elementor-widget-container\">\n\t\t\t\t\t\t\t\t\t\t\t\t\t<img decoding=\"async\" width=\"607\" height=\"518\" src=\"https:\/\/orewvademecum.pl\/wp-content\/uploads\/2024\/10\/Piekne-chwile.jpg\" class=\"attachment-full size-full wp-image-312\" alt=\"\" srcset=\"https:\/\/orewvademecum.pl\/wp-content\/uploads\/2024\/10\/Piekne-chwile.jpg 607w, https:\/\/orewvademecum.pl\/wp-content\/uploads\/2024\/10\/Piekne-chwile-300x256.jpg 300w\" sizes=\"(max-width: 607px) 100vw, 607px\" \/>\t\t\t\t\t\t\t\t\t\t\t\t\t<\/div>\n\t\t\t\t<\/div>\n\t\t\t\t<\/div>\n\t\t\t\t<\/div>\n\t\t<div class=\"elementor-element elementor-element-383c9ac e-flex e-con-boxed e-con e-parent\" data-id=\"383c9ac\" data-element_type=\"container\">\n\t\t\t\t\t<div class=\"e-con-inner\">\n\t\t\t\t<div class=\"elementor-element elementor-element-a6eaf51 elementor-widget elementor-widget-spacer\" data-id=\"a6eaf51\" data-element_type=\"widget\" data-widget_type=\"spacer.default\">\n\t\t\t\t<div class=\"elementor-widget-container\">\n\t\t\t\t\t<div class=\"elementor-spacer\">\n\t\t\t<div class=\"elementor-spacer-inner\"><\/div>\n\t\t<\/div>\n\t\t\t\t<\/div>\n\t\t\t\t<\/div>\n\t\t\t\t<div class=\"elementor-element elementor-element-a2f3a40 elementor-align-center e-transform e-transform elementor-invisible elementor-widget elementor-widget-button\" data-id=\"a2f3a40\" data-element_type=\"widget\" data-settings=\"{&quot;_animation&quot;:&quot;zoomIn&quot;,&quot;_transform_scale_effect_hover&quot;:{&quot;unit&quot;:&quot;px&quot;,&quot;size&quot;:1.2,&quot;sizes&quot;:[]},&quot;_transform_rotateZ_effect_hover&quot;:{&quot;unit&quot;:&quot;px&quot;,&quot;size&quot;:&quot;&quot;,&quot;sizes&quot;:[]},&quot;_transform_rotateZ_effect_hover_tablet&quot;:{&quot;unit&quot;:&quot;deg&quot;,&quot;size&quot;:&quot;&quot;,&quot;sizes&quot;:[]},&quot;_transform_rotateZ_effect_hover_mobile&quot;:{&quot;unit&quot;:&quot;deg&quot;,&quot;size&quot;:&quot;&quot;,&quot;sizes&quot;:[]},&quot;_transform_scale_effect_hover_tablet&quot;:{&quot;unit&quot;:&quot;px&quot;,&quot;size&quot;:&quot;&quot;,&quot;sizes&quot;:[]},&quot;_transform_scale_effect_hover_mobile&quot;:{&quot;unit&quot;:&quot;px&quot;,&quot;size&quot;:&quot;&quot;,&quot;sizes&quot;:[]}}\" data-widget_type=\"button.default\">\n\t\t\t\t<div class=\"elementor-widget-container\">\n\t\t\t\t\t<div class=\"elementor-button-wrapper\">\n\t\t\t<a class=\"elementor-button elementor-button-link elementor-size-sm\" href=\"https:\/\/zrzutka.pl\/8wuy73\">\n\t\t\t\t\t\t<span class=\"elementor-button-content-wrapper\">\n\t\t\t\t\t\t<span class=\"elementor-button-icon elementor-align-icon-right\">\n\t\t\t\t<svg aria-hidden=\"true\" class=\"e-font-icon-svg e-far-bell\" viewBox=\"0 0 448 512\" xmlns=\"http:\/\/www.w3.org\/2000\/svg\"><path d=\"M439.39 362.29c-19.32-20.76-55.47-51.99-55.47-154.29 0-77.7-54.48-139.9-127.94-155.16V32c0-17.67-14.32-32-31.98-32s-31.98 14.33-31.98 32v20.84C118.56 68.1 64.08 130.3 64.08 208c0 102.3-36.15 133.53-55.47 154.29-6 6.45-8.66 14.16-8.61 21.71.11 16.4 12.98 32 32.1 32h383.8c19.12 0 32-15.6 32.1-32 .05-7.55-2.61-15.27-8.61-21.71zM67.53 368c21.22-27.97 44.42-74.33 44.53-159.42 0-.2-.06-.38-.06-.58 0-61.86 50.14-112 112-112s112 50.14 112 112c0 .2-.06.38-.06.58.11 85.1 23.31 131.46 44.53 159.42H67.53zM224 512c35.32 0 63.97-28.65 63.97-64H160.03c0 35.35 28.65 64 63.97 64z\"><\/path><\/svg>\t\t\t<\/span>\n\t\t\t\t\t\t\t\t\t<span class=\"elementor-button-text\">Wp\u0142acam na Zrzutk\u0119<\/span>\n\t\t\t\t\t<\/span>\n\t\t\t\t\t<\/a>\n\t\t<\/div>\n\t\t\t\t<\/div>\n\t\t\t\t<\/div>\n\t\t\t\t\t<\/div>\n\t\t\t\t<\/div>\n\t\t\t\t<\/div>\n\t\t","protected":false},"excerpt":{"rendered":"<p>Wesprzyj nas Jest takie miejsce w Gnie\u017anie, kt\u00f3re na co dzie\u0144 zajmuje si\u0119 specjalistyczn\u0105 terapi\u0105 i opiek\u0105 Dzieci z wielorak\u0105, sprz\u0119\u017con\u0105 niepe\u0142nosprawno\u015bci\u0105 &#8211; to O\u015brodek Rehabilitacyjno Edukacyjno Wychowawczy (OREW) Vade Mecum. Wp\u0142acam na Zrzutk\u0119 O\u015brodek, stworzony z mi\u0142o\u015bci do Dziecka, szczeg\u00f3lnie Dziecka z niepe\u0142nosprawno\u015bci\u0105, przez terapeut\u00f3w i rodzic\u00f3w. Dzi\u0119ki temu, Dzieci mog\u0105 uczestniczy\u0107 w wielu&#8230;<\/p>\n","protected":false},"author":1,"featured_media":0,"parent":0,"menu_order":0,"comment_status":"closed","ping_status":"closed","template":"elementor_header_footer","meta":{"_kadence_starter_templates_imported_post":false,"_kad_post_transparent":"","_kad_post_title":"","_kad_post_layout":"","_kad_post_sidebar_id":"","_kad_post_content_style":"","_kad_post_vertical_padding":"","_kad_post_feature":"","_kad_post_feature_position":"","_kad_post_header":false,"_kad_post_footer":false,"footnotes":""},"class_list":["post-304","page","type-page","status-publish","hentry"],"_links":{"self":[{"href":"https:\/\/orewvademecum.pl\/index.php\/wp-json\/wp\/v2\/pages\/304","targetHints":{"allow":["GET"]}}],"collection":[{"href":"https:\/\/orewvademecum.pl\/index.php\/wp-json\/wp\/v2\/pages"}],"about":[{"href":"https:\/\/orewvademecum.pl\/index.php\/wp-json\/wp\/v2\/types\/page"}],"author":[{"embeddable":true,"href":"https:\/\/orewvademecum.pl\/index.php\/wp-json\/wp\/v2\/users\/1"}],"replies":[{"embeddable":true,"href":"https:\/\/orewvademecum.pl\/index.php\/wp-json\/wp\/v2\/comments?post=304"}],"version-history":[{"count":43,"href":"https:\/\/orewvademecum.pl\/index.php\/wp-json\/wp\/v2\/pages\/304\/revisions"}],"predecessor-version":[{"id":357,"href":"https:\/\/orewvademecum.pl\/index.php\/wp-json\/wp\/v2\/pages\/304\/revisions\/357"}],"wp:attachment":[{"href":"https:\/\/orewvademecum.pl\/index.php\/wp-json\/wp\/v2\/media?parent=304"}],"curies":[{"name":"wp","href":"https:\/\/api.w.org\/{rel}","templated":true}]}}